{"id":3775,"date":"2018-09-24T10:28:24","date_gmt":"2018-09-24T08:28:24","guid":{"rendered":"https:\/\/ence.es\/sostenibilidad\/"},"modified":"2024-10-21T10:42:05","modified_gmt":"2024-10-21T08:42:05","slug":"sustainability","status":"publish","type":"page","link":"https:\/\/ence.es\/en\/sustainability\/","title":{"rendered":"Sustainability"},"content":{"rendered":"","protected":false},"excerpt":{"rendered":"","protected":false},"author":1,"featured_media":813,"parent":0,"menu_order":0,"comment_status":"closed","ping_status":"closed","template":"","meta":{"_acf_changed":false,"inline_featured_image":false,"footnotes":""},"class_list":["post-3775","page","type-page","status-publish","has-post-thumbnail","hentry"],"acf":[],"yoast_head":"<!-- This site is optimized with the Yoast SEO plugin v26.7 - https:\/\/yoast.com\/wordpress\/plugins\/seo\/ -->\n<title>Sustainability | Ence<\/title>\n<meta name=\"description\" content=\"En nuestras actividades forestales y de generaci\u00f3n de energ\u00eda con biomasa est\u00e1n integrados los criterios de sostenibilidad econ\u00f3mica, social y ambiental.\" \/>\n<meta name=\"robots\" content=\"index, follow, max-snippet:-1, max-image-preview:large, max-video-preview:-1\" \/>\n<link rel=\"canonical\" href=\"https:\/\/ence.es\/en\/sustainability\/\" \/>\n<meta property=\"og:locale\" content=\"en_US\" \/>\n<meta property=\"og:type\" content=\"article\" \/>\n<meta property=\"og:title\" content=\"Sustainability | Ence\" \/>\n<meta property=\"og:description\" content=\"En nuestras actividades forestales y de generaci\u00f3n de energ\u00eda con biomasa est\u00e1n integrados los criterios de sostenibilidad econ\u00f3mica, social y ambiental.\" \/>\n<meta property=\"og:url\" content=\"https:\/\/ence.es\/en\/sustainability\/\" \/>\n<meta property=\"og:site_name\" content=\"Ence\" \/>\n<meta property=\"article:modified_time\" content=\"2024-10-21T08:42:05+00:00\" \/>\n<meta property=\"og:image\" content=\"https:\/\/ence.es\/wp-content\/uploads\/2018\/09\/Asset-23-1.png\" \/>\n\t<meta property=\"og:image:width\" content=\"281\" \/>\n\t<meta property=\"og:image:height\" content=\"140\" \/>\n\t<meta property=\"og:image:type\" content=\"image\/png\" \/>\n<meta name=\"twitter:card\" content=\"summary_large_image\" \/>\n<meta name=\"twitter:label1\" content=\"Est. reading time\" \/>\n\t<meta name=\"twitter:data1\" content=\"1 minute\" \/>\n<script type=\"application\/ld+json\" class=\"yoast-schema-graph\">{\"@context\":\"https:\/\/schema.org\",\"@graph\":[{\"@type\":\"WebPage\",\"@id\":\"https:\/\/ence.es\/en\/sustainability\/\",\"url\":\"https:\/\/ence.es\/en\/sustainability\/\",\"name\":\"Sustainability | Ence\",\"isPartOf\":{\"@id\":\"https:\/\/ence.es\/en\/#website\"},\"primaryImageOfPage\":{\"@id\":\"https:\/\/ence.es\/en\/sustainability\/#primaryimage\"},\"image\":{\"@id\":\"https:\/\/ence.es\/en\/sustainability\/#primaryimage\"},\"thumbnailUrl\":\"https:\/\/ence.es\/wp-content\/uploads\/2018\/09\/Asset-23-1.png\",\"datePublished\":\"2018-09-24T08:28:24+00:00\",\"dateModified\":\"2024-10-21T08:42:05+00:00\",\"description\":\"En nuestras actividades forestales y de generaci\u00f3n de energ\u00eda con biomasa est\u00e1n integrados los criterios de sostenibilidad econ\u00f3mica, social y ambiental.\",\"breadcrumb\":{\"@id\":\"https:\/\/ence.es\/en\/sustainability\/#breadcrumb\"},\"inLanguage\":\"en-US\",\"potentialAction\":[{\"@type\":\"ReadAction\",\"target\":[\"https:\/\/ence.es\/en\/sustainability\/\"]}]},{\"@type\":\"ImageObject\",\"inLanguage\":\"en-US\",\"@id\":\"https:\/\/ence.es\/en\/sustainability\/#primaryimage\",\"url\":\"https:\/\/ence.es\/wp-content\/uploads\/2018\/09\/Asset-23-1.png\",\"contentUrl\":\"https:\/\/ence.es\/wp-content\/uploads\/2018\/09\/Asset-23-1.png\",\"width\":281,\"height\":140},{\"@type\":\"BreadcrumbList\",\"@id\":\"https:\/\/ence.es\/en\/sustainability\/#breadcrumb\",\"itemListElement\":[{\"@type\":\"ListItem\",\"position\":1,\"name\":\"Portada\",\"item\":\"https:\/\/ence.es\/en\/\"},{\"@type\":\"ListItem\",\"position\":2,\"name\":\"Sustainability\"}]},{\"@type\":\"WebSite\",\"@id\":\"https:\/\/ence.es\/en\/#website\",\"url\":\"https:\/\/ence.es\/en\/\",\"name\":\"Ence\",\"description\":\"\",\"potentialAction\":[{\"@type\":\"SearchAction\",\"target\":{\"@type\":\"EntryPoint\",\"urlTemplate\":\"https:\/\/ence.es\/en\/?s={search_term_string}\"},\"query-input\":{\"@type\":\"PropertyValueSpecification\",\"valueRequired\":true,\"valueName\":\"search_term_string\"}}],\"inLanguage\":\"en-US\"}]}<\/script>\n<!-- \/ Yoast SEO plugin. -->","yoast_head_json":{"title":"Sustainability | Ence","description":"En nuestras actividades forestales y de generaci\u00f3n de energ\u00eda con biomasa est\u00e1n integrados los criterios de sostenibilidad econ\u00f3mica, social y ambiental.","robots":{"index":"index","follow":"follow","max-snippet":"max-snippet:-1","max-image-preview":"max-image-preview:large","max-video-preview":"max-video-preview:-1"},"canonical":"https:\/\/ence.es\/en\/sustainability\/","og_locale":"en_US","og_type":"article","og_title":"Sustainability | Ence","og_description":"En nuestras actividades forestales y de generaci\u00f3n de energ\u00eda con biomasa est\u00e1n integrados los criterios de sostenibilidad econ\u00f3mica, social y ambiental.","og_url":"https:\/\/ence.es\/en\/sustainability\/","og_site_name":"Ence","article_modified_time":"2024-10-21T08:42:05+00:00","og_image":[{"width":281,"height":140,"url":"https:\/\/ence.es\/wp-content\/uploads\/2018\/09\/Asset-23-1.png","type":"image\/png"}],"twitter_card":"summary_large_image","twitter_misc":{"Est. reading time":"1 minute"},"schema":{"@context":"https:\/\/schema.org","@graph":[{"@type":"WebPage","@id":"https:\/\/ence.es\/en\/sustainability\/","url":"https:\/\/ence.es\/en\/sustainability\/","name":"Sustainability | Ence","isPartOf":{"@id":"https:\/\/ence.es\/en\/#website"},"primaryImageOfPage":{"@id":"https:\/\/ence.es\/en\/sustainability\/#primaryimage"},"image":{"@id":"https:\/\/ence.es\/en\/sustainability\/#primaryimage"},"thumbnailUrl":"https:\/\/ence.es\/wp-content\/uploads\/2018\/09\/Asset-23-1.png","datePublished":"2018-09-24T08:28:24+00:00","dateModified":"2024-10-21T08:42:05+00:00","description":"En nuestras actividades forestales y de generaci\u00f3n de energ\u00eda con biomasa est\u00e1n integrados los criterios de sostenibilidad econ\u00f3mica, social y ambiental.","breadcrumb":{"@id":"https:\/\/ence.es\/en\/sustainability\/#breadcrumb"},"inLanguage":"en-US","potentialAction":[{"@type":"ReadAction","target":["https:\/\/ence.es\/en\/sustainability\/"]}]},{"@type":"ImageObject","inLanguage":"en-US","@id":"https:\/\/ence.es\/en\/sustainability\/#primaryimage","url":"https:\/\/ence.es\/wp-content\/uploads\/2018\/09\/Asset-23-1.png","contentUrl":"https:\/\/ence.es\/wp-content\/uploads\/2018\/09\/Asset-23-1.png","width":281,"height":140},{"@type":"BreadcrumbList","@id":"https:\/\/ence.es\/en\/sustainability\/#breadcrumb","itemListElement":[{"@type":"ListItem","position":1,"name":"Portada","item":"https:\/\/ence.es\/en\/"},{"@type":"ListItem","position":2,"name":"Sustainability"}]},{"@type":"WebSite","@id":"https:\/\/ence.es\/en\/#website","url":"https:\/\/ence.es\/en\/","name":"Ence","description":"","potentialAction":[{"@type":"SearchAction","target":{"@type":"EntryPoint","urlTemplate":"https:\/\/ence.es\/en\/?s={search_term_string}"},"query-input":{"@type":"PropertyValueSpecification","valueRequired":true,"valueName":"search_term_string"}}],"inLanguage":"en-US"}]}},"_links":{"self":[{"href":"https:\/\/ence.es\/en\/wp-json\/wp\/v2\/pages\/3775","targetHints":{"allow":["GET"]}}],"collection":[{"href":"https:\/\/ence.es\/en\/wp-json\/wp\/v2\/pages"}],"about":[{"href":"https:\/\/ence.es\/en\/wp-json\/wp\/v2\/types\/page"}],"author":[{"embeddable":true,"href":"https:\/\/ence.es\/en\/wp-json\/wp\/v2\/users\/1"}],"replies":[{"embeddable":true,"href":"https:\/\/ence.es\/en\/wp-json\/wp\/v2\/comments?post=3775"}],"version-history":[{"count":4,"href":"https:\/\/ence.es\/en\/wp-json\/wp\/v2\/pages\/3775\/revisions"}],"predecessor-version":[{"id":21554,"href":"https:\/\/ence.es\/en\/wp-json\/wp\/v2\/pages\/3775\/revisions\/21554"}],"wp:featuredmedia":[{"embeddable":true,"href":"https:\/\/ence.es\/en\/wp-json\/wp\/v2\/media\/813"}],"wp:attachment":[{"href":"https:\/\/ence.es\/en\/wp-json\/wp\/v2\/media?parent=3775"}],"curies":[{"name":"wp","href":"https:\/\/api.w.org\/{rel}","templated":true}]}}