{"id":3768,"date":"2018-09-24T14:04:18","date_gmt":"2018-09-24T12:04:18","guid":{"rendered":"https:\/\/ence.es\/energia-renovable\/"},"modified":"2025-07-30T09:55:15","modified_gmt":"2025-07-30T07:55:15","slug":"magnon-green-energy","status":"publish","type":"page","link":"https:\/\/ence.es\/en\/magnon-green-energy\/","title":{"rendered":"Magnon Green Energy"},"content":{"rendered":"","protected":false},"excerpt":{"rendered":"","protected":false},"author":1,"featured_media":0,"parent":0,"menu_order":0,"comment_status":"closed","ping_status":"closed","template":"","meta":{"_acf_changed":false,"inline_featured_image":false,"footnotes":""},"class_list":["post-3768","page","type-page","status-publish","hentry"],"acf":[],"yoast_head":"<!-- This site is optimized with the Yoast SEO plugin v26.7 - https:\/\/yoast.com\/wordpress\/plugins\/seo\/ -->\n<title>Magnon Green Energy | Ence<\/title>\n<meta name=\"description\" content=\"Primera empresa de Espa\u00f1a en producci\u00f3n de energ\u00eda renovable con biomasa forestal y agr\u00edcola con 280 MW de potencia instalada.\" \/>\n<meta name=\"robots\" content=\"index, follow, max-snippet:-1, max-image-preview:large, max-video-preview:-1\" \/>\n<link rel=\"canonical\" href=\"https:\/\/ence.es\/en\/magnon-green-energy\/\" \/>\n<meta property=\"og:locale\" content=\"en_US\" \/>\n<meta property=\"og:type\" content=\"article\" \/>\n<meta property=\"og:title\" content=\"Magnon Green Energy | Ence\" \/>\n<meta property=\"og:description\" content=\"Primera empresa de Espa\u00f1a en producci\u00f3n de energ\u00eda renovable con biomasa forestal y agr\u00edcola con 280 MW de potencia instalada.\" \/>\n<meta property=\"og:url\" content=\"https:\/\/ence.es\/en\/magnon-green-energy\/\" \/>\n<meta property=\"og:site_name\" content=\"Ence\" \/>\n<meta property=\"article:modified_time\" content=\"2025-07-30T07:55:15+00:00\" \/>\n<meta property=\"og:image\" content=\"https:\/\/ence.es\/wp-content\/uploads\/2019\/01\/logo-notica.jpg\" \/>\n\t<meta property=\"og:image:width\" content=\"300\" \/>\n\t<meta property=\"og:image:height\" content=\"180\" \/>\n\t<meta property=\"og:image:type\" content=\"image\/jpeg\" \/>\n<meta name=\"twitter:card\" content=\"summary_large_image\" \/>\n<script type=\"application\/ld+json\" class=\"yoast-schema-graph\">{\"@context\":\"https:\/\/schema.org\",\"@graph\":[{\"@type\":\"WebPage\",\"@id\":\"https:\/\/ence.es\/en\/magnon-green-energy\/\",\"url\":\"https:\/\/ence.es\/en\/magnon-green-energy\/\",\"name\":\"Magnon Green Energy | Ence\",\"isPartOf\":{\"@id\":\"https:\/\/ence.es\/en\/#website\"},\"datePublished\":\"2018-09-24T12:04:18+00:00\",\"dateModified\":\"2025-07-30T07:55:15+00:00\",\"description\":\"Primera empresa de Espa\u00f1a en producci\u00f3n de energ\u00eda renovable con biomasa forestal y agr\u00edcola con 280 MW de potencia instalada.\",\"breadcrumb\":{\"@id\":\"https:\/\/ence.es\/en\/magnon-green-energy\/#breadcrumb\"},\"inLanguage\":\"en-US\",\"potentialAction\":[{\"@type\":\"ReadAction\",\"target\":[\"https:\/\/ence.es\/en\/magnon-green-energy\/\"]}]},{\"@type\":\"BreadcrumbList\",\"@id\":\"https:\/\/ence.es\/en\/magnon-green-energy\/#breadcrumb\",\"itemListElement\":[{\"@type\":\"ListItem\",\"position\":1,\"name\":\"Portada\",\"item\":\"https:\/\/ence.es\/en\/\"},{\"@type\":\"ListItem\",\"position\":2,\"name\":\"Magnon Green Energy\"}]},{\"@type\":\"WebSite\",\"@id\":\"https:\/\/ence.es\/en\/#website\",\"url\":\"https:\/\/ence.es\/en\/\",\"name\":\"Ence\",\"description\":\"\",\"potentialAction\":[{\"@type\":\"SearchAction\",\"target\":{\"@type\":\"EntryPoint\",\"urlTemplate\":\"https:\/\/ence.es\/en\/?s={search_term_string}\"},\"query-input\":{\"@type\":\"PropertyValueSpecification\",\"valueRequired\":true,\"valueName\":\"search_term_string\"}}],\"inLanguage\":\"en-US\"}]}<\/script>\n<!-- \/ Yoast SEO plugin. -->","yoast_head_json":{"title":"Magnon Green Energy | Ence","description":"Primera empresa de Espa\u00f1a en producci\u00f3n de energ\u00eda renovable con biomasa forestal y agr\u00edcola con 280 MW de potencia instalada.","robots":{"index":"index","follow":"follow","max-snippet":"max-snippet:-1","max-image-preview":"max-image-preview:large","max-video-preview":"max-video-preview:-1"},"canonical":"https:\/\/ence.es\/en\/magnon-green-energy\/","og_locale":"en_US","og_type":"article","og_title":"Magnon Green Energy | Ence","og_description":"Primera empresa de Espa\u00f1a en producci\u00f3n de energ\u00eda renovable con biomasa forestal y agr\u00edcola con 280 MW de potencia instalada.","og_url":"https:\/\/ence.es\/en\/magnon-green-energy\/","og_site_name":"Ence","article_modified_time":"2025-07-30T07:55:15+00:00","og_image":[{"width":300,"height":180,"url":"https:\/\/ence.es\/wp-content\/uploads\/2019\/01\/logo-notica.jpg","type":"image\/jpeg"}],"twitter_card":"summary_large_image","schema":{"@context":"https:\/\/schema.org","@graph":[{"@type":"WebPage","@id":"https:\/\/ence.es\/en\/magnon-green-energy\/","url":"https:\/\/ence.es\/en\/magnon-green-energy\/","name":"Magnon Green Energy | Ence","isPartOf":{"@id":"https:\/\/ence.es\/en\/#website"},"datePublished":"2018-09-24T12:04:18+00:00","dateModified":"2025-07-30T07:55:15+00:00","description":"Primera empresa de Espa\u00f1a en producci\u00f3n de energ\u00eda renovable con biomasa forestal y agr\u00edcola con 280 MW de potencia instalada.","breadcrumb":{"@id":"https:\/\/ence.es\/en\/magnon-green-energy\/#breadcrumb"},"inLanguage":"en-US","potentialAction":[{"@type":"ReadAction","target":["https:\/\/ence.es\/en\/magnon-green-energy\/"]}]},{"@type":"BreadcrumbList","@id":"https:\/\/ence.es\/en\/magnon-green-energy\/#breadcrumb","itemListElement":[{"@type":"ListItem","position":1,"name":"Portada","item":"https:\/\/ence.es\/en\/"},{"@type":"ListItem","position":2,"name":"Magnon Green Energy"}]},{"@type":"WebSite","@id":"https:\/\/ence.es\/en\/#website","url":"https:\/\/ence.es\/en\/","name":"Ence","description":"","potentialAction":[{"@type":"SearchAction","target":{"@type":"EntryPoint","urlTemplate":"https:\/\/ence.es\/en\/?s={search_term_string}"},"query-input":{"@type":"PropertyValueSpecification","valueRequired":true,"valueName":"search_term_string"}}],"inLanguage":"en-US"}]}},"_links":{"self":[{"href":"https:\/\/ence.es\/en\/wp-json\/wp\/v2\/pages\/3768","targetHints":{"allow":["GET"]}}],"collection":[{"href":"https:\/\/ence.es\/en\/wp-json\/wp\/v2\/pages"}],"about":[{"href":"https:\/\/ence.es\/en\/wp-json\/wp\/v2\/types\/page"}],"author":[{"embeddable":true,"href":"https:\/\/ence.es\/en\/wp-json\/wp\/v2\/users\/1"}],"replies":[{"embeddable":true,"href":"https:\/\/ence.es\/en\/wp-json\/wp\/v2\/comments?post=3768"}],"version-history":[{"count":5,"href":"https:\/\/ence.es\/en\/wp-json\/wp\/v2\/pages\/3768\/revisions"}],"predecessor-version":[{"id":23758,"href":"https:\/\/ence.es\/en\/wp-json\/wp\/v2\/pages\/3768\/revisions\/23758"}],"wp:attachment":[{"href":"https:\/\/ence.es\/en\/wp-json\/wp\/v2\/media?parent=3768"}],"curies":[{"name":"wp","href":"https:\/\/api.w.org\/{rel}","templated":true}]}}