{"id":15447,"date":"2023-03-17T09:19:50","date_gmt":"2023-03-17T08:19:50","guid":{"rendered":"https:\/\/ence.servidor.gal\/residuos-organicos\/"},"modified":"2023-04-28T09:52:11","modified_gmt":"2023-04-28T09:52:11","slug":"organic-waste","status":"publish","type":"page","link":"https:\/\/ence.es\/en\/know-ence-biogas\/organic-waste\/","title":{"rendered":"Organic waste"},"content":{"rendered":"<h2 style=\"text-align: center;\"><span style=\"color: #083429;\">Organic waste is the raw material<\/span><br \/>\n<span style=\"color: #083429;\">from Ence Biogas<\/span><\/h2>\n","protected":false},"excerpt":{"rendered":"<p>Organic waste is the raw material from Ence Biogas<\/p>\n","protected":false},"author":1,"featured_media":471,"parent":18229,"menu_order":0,"comment_status":"closed","ping_status":"closed","template":"","meta":{"_acf_changed":false,"inline_featured_image":false,"footnotes":""},"class_list":["post-15447","page","type-page","status-publish","has-post-thumbnail","hentry"],"acf":[],"yoast_head":"<!-- This site is optimized with the Yoast SEO plugin v26.7 - https:\/\/yoast.com\/wordpress\/plugins\/seo\/ -->\n<title>Biof\u00e1bricas | Ence<\/title>\n<meta name=\"description\" content=\"Primera empresa de Europa en producci\u00f3n de celulosa de eucalipto y segunda por cuota de mercado, con una capacidad de producci\u00f3n anual de 1.070.000 Tm.\" \/>\n<meta name=\"robots\" content=\"index, follow, max-snippet:-1, max-image-preview:large, max-video-preview:-1\" \/>\n<link rel=\"canonical\" href=\"https:\/\/ence.es\/en\/know-ence-biogas\/organic-waste\/\" \/>\n<meta property=\"og:locale\" content=\"en_US\" \/>\n<meta property=\"og:type\" content=\"article\" \/>\n<meta property=\"og:title\" content=\"Biof\u00e1bricas | Ence\" \/>\n<meta property=\"og:description\" content=\"Primera empresa de Europa en producci\u00f3n de celulosa de eucalipto y segunda por cuota de mercado, con una capacidad de producci\u00f3n anual de 1.070.000 Tm.\" \/>\n<meta property=\"og:url\" content=\"https:\/\/ence.es\/en\/know-ence-biogas\/organic-waste\/\" \/>\n<meta property=\"og:site_name\" content=\"Ence\" \/>\n<meta property=\"article:modified_time\" content=\"2023-04-28T09:52:11+00:00\" \/>\n<meta property=\"og:image\" content=\"https:\/\/ence.es\/wp-content\/uploads\/2018\/09\/Asset-10-1.png\" \/>\n\t<meta property=\"og:image:width\" content=\"365\" \/>\n\t<meta property=\"og:image:height\" content=\"140\" \/>\n\t<meta property=\"og:image:type\" content=\"image\/png\" \/>\n<meta name=\"twitter:card\" content=\"summary_large_image\" \/>\n<meta name=\"twitter:label1\" content=\"Est. reading time\" \/>\n\t<meta name=\"twitter:data1\" content=\"1 minute\" \/>\n<script type=\"application\/ld+json\" class=\"yoast-schema-graph\">{\"@context\":\"https:\/\/schema.org\",\"@graph\":[{\"@type\":\"WebPage\",\"@id\":\"https:\/\/ence.es\/en\/know-ence-biogas\/organic-waste\/\",\"url\":\"https:\/\/ence.es\/en\/know-ence-biogas\/organic-waste\/\",\"name\":\"Biof\u00e1bricas | Ence\",\"isPartOf\":{\"@id\":\"https:\/\/ence.es\/en\/#website\"},\"primaryImageOfPage\":{\"@id\":\"https:\/\/ence.es\/en\/know-ence-biogas\/organic-waste\/#primaryimage\"},\"image\":{\"@id\":\"https:\/\/ence.es\/en\/know-ence-biogas\/organic-waste\/#primaryimage\"},\"thumbnailUrl\":\"https:\/\/ence.es\/wp-content\/uploads\/2018\/09\/Asset-10-1.png\",\"datePublished\":\"2023-03-17T08:19:50+00:00\",\"dateModified\":\"2023-04-28T09:52:11+00:00\",\"description\":\"Primera empresa de Europa en producci\u00f3n de celulosa de eucalipto y segunda por cuota de mercado, con una capacidad de producci\u00f3n anual de 1.070.000 Tm.\",\"breadcrumb\":{\"@id\":\"https:\/\/ence.es\/en\/know-ence-biogas\/organic-waste\/#breadcrumb\"},\"inLanguage\":\"en-US\",\"potentialAction\":[{\"@type\":\"ReadAction\",\"target\":[\"https:\/\/ence.es\/en\/know-ence-biogas\/organic-waste\/\"]}]},{\"@type\":\"ImageObject\",\"inLanguage\":\"en-US\",\"@id\":\"https:\/\/ence.es\/en\/know-ence-biogas\/organic-waste\/#primaryimage\",\"url\":\"https:\/\/ence.es\/wp-content\/uploads\/2018\/09\/Asset-10-1.png\",\"contentUrl\":\"https:\/\/ence.es\/wp-content\/uploads\/2018\/09\/Asset-10-1.png\",\"width\":365,\"height\":140},{\"@type\":\"BreadcrumbList\",\"@id\":\"https:\/\/ence.es\/en\/know-ence-biogas\/organic-waste\/#breadcrumb\",\"itemListElement\":[{\"@type\":\"ListItem\",\"position\":1,\"name\":\"Portada\",\"item\":\"https:\/\/ence.es\/en\/\"},{\"@type\":\"ListItem\",\"position\":2,\"name\":\"Ence Biogas\",\"item\":\"https:\/\/ence.es\/en\/know-ence-biogas\/\"},{\"@type\":\"ListItem\",\"position\":3,\"name\":\"Organic waste\"}]},{\"@type\":\"WebSite\",\"@id\":\"https:\/\/ence.es\/en\/#website\",\"url\":\"https:\/\/ence.es\/en\/\",\"name\":\"Ence\",\"description\":\"\",\"potentialAction\":[{\"@type\":\"SearchAction\",\"target\":{\"@type\":\"EntryPoint\",\"urlTemplate\":\"https:\/\/ence.es\/en\/?s={search_term_string}\"},\"query-input\":{\"@type\":\"PropertyValueSpecification\",\"valueRequired\":true,\"valueName\":\"search_term_string\"}}],\"inLanguage\":\"en-US\"}]}<\/script>\n<!-- \/ Yoast SEO plugin. -->","yoast_head_json":{"title":"Biof\u00e1bricas | Ence","description":"Primera empresa de Europa en producci\u00f3n de celulosa de eucalipto y segunda por cuota de mercado, con una capacidad de producci\u00f3n anual de 1.070.000 Tm.","robots":{"index":"index","follow":"follow","max-snippet":"max-snippet:-1","max-image-preview":"max-image-preview:large","max-video-preview":"max-video-preview:-1"},"canonical":"https:\/\/ence.es\/en\/know-ence-biogas\/organic-waste\/","og_locale":"en_US","og_type":"article","og_title":"Biof\u00e1bricas | Ence","og_description":"Primera empresa de Europa en producci\u00f3n de celulosa de eucalipto y segunda por cuota de mercado, con una capacidad de producci\u00f3n anual de 1.070.000 Tm.","og_url":"https:\/\/ence.es\/en\/know-ence-biogas\/organic-waste\/","og_site_name":"Ence","article_modified_time":"2023-04-28T09:52:11+00:00","og_image":[{"width":365,"height":140,"url":"https:\/\/ence.es\/wp-content\/uploads\/2018\/09\/Asset-10-1.png","type":"image\/png"}],"twitter_card":"summary_large_image","twitter_misc":{"Est. reading time":"1 minute"},"schema":{"@context":"https:\/\/schema.org","@graph":[{"@type":"WebPage","@id":"https:\/\/ence.es\/en\/know-ence-biogas\/organic-waste\/","url":"https:\/\/ence.es\/en\/know-ence-biogas\/organic-waste\/","name":"Biof\u00e1bricas | Ence","isPartOf":{"@id":"https:\/\/ence.es\/en\/#website"},"primaryImageOfPage":{"@id":"https:\/\/ence.es\/en\/know-ence-biogas\/organic-waste\/#primaryimage"},"image":{"@id":"https:\/\/ence.es\/en\/know-ence-biogas\/organic-waste\/#primaryimage"},"thumbnailUrl":"https:\/\/ence.es\/wp-content\/uploads\/2018\/09\/Asset-10-1.png","datePublished":"2023-03-17T08:19:50+00:00","dateModified":"2023-04-28T09:52:11+00:00","description":"Primera empresa de Europa en producci\u00f3n de celulosa de eucalipto y segunda por cuota de mercado, con una capacidad de producci\u00f3n anual de 1.070.000 Tm.","breadcrumb":{"@id":"https:\/\/ence.es\/en\/know-ence-biogas\/organic-waste\/#breadcrumb"},"inLanguage":"en-US","potentialAction":[{"@type":"ReadAction","target":["https:\/\/ence.es\/en\/know-ence-biogas\/organic-waste\/"]}]},{"@type":"ImageObject","inLanguage":"en-US","@id":"https:\/\/ence.es\/en\/know-ence-biogas\/organic-waste\/#primaryimage","url":"https:\/\/ence.es\/wp-content\/uploads\/2018\/09\/Asset-10-1.png","contentUrl":"https:\/\/ence.es\/wp-content\/uploads\/2018\/09\/Asset-10-1.png","width":365,"height":140},{"@type":"BreadcrumbList","@id":"https:\/\/ence.es\/en\/know-ence-biogas\/organic-waste\/#breadcrumb","itemListElement":[{"@type":"ListItem","position":1,"name":"Portada","item":"https:\/\/ence.es\/en\/"},{"@type":"ListItem","position":2,"name":"Ence Biogas","item":"https:\/\/ence.es\/en\/know-ence-biogas\/"},{"@type":"ListItem","position":3,"name":"Organic waste"}]},{"@type":"WebSite","@id":"https:\/\/ence.es\/en\/#website","url":"https:\/\/ence.es\/en\/","name":"Ence","description":"","potentialAction":[{"@type":"SearchAction","target":{"@type":"EntryPoint","urlTemplate":"https:\/\/ence.es\/en\/?s={search_term_string}"},"query-input":{"@type":"PropertyValueSpecification","valueRequired":true,"valueName":"search_term_string"}}],"inLanguage":"en-US"}]}},"_links":{"self":[{"href":"https:\/\/ence.es\/en\/wp-json\/wp\/v2\/pages\/15447","targetHints":{"allow":["GET"]}}],"collection":[{"href":"https:\/\/ence.es\/en\/wp-json\/wp\/v2\/pages"}],"about":[{"href":"https:\/\/ence.es\/en\/wp-json\/wp\/v2\/types\/page"}],"author":[{"embeddable":true,"href":"https:\/\/ence.es\/en\/wp-json\/wp\/v2\/users\/1"}],"replies":[{"embeddable":true,"href":"https:\/\/ence.es\/en\/wp-json\/wp\/v2\/comments?post=15447"}],"version-history":[{"count":3,"href":"https:\/\/ence.es\/en\/wp-json\/wp\/v2\/pages\/15447\/revisions"}],"predecessor-version":[{"id":18463,"href":"https:\/\/ence.es\/en\/wp-json\/wp\/v2\/pages\/15447\/revisions\/18463"}],"up":[{"embeddable":true,"href":"https:\/\/ence.es\/en\/wp-json\/wp\/v2\/pages\/18229"}],"wp:featuredmedia":[{"embeddable":true,"href":"https:\/\/ence.es\/en\/wp-json\/wp\/v2\/media\/471"}],"wp:attachment":[{"href":"https:\/\/ence.es\/en\/wp-json\/wp\/v2\/media?parent=15447"}],"curies":[{"name":"wp","href":"https:\/\/api.w.org\/{rel}","templated":true}]}}